{"id":548,"date":"2020-11-02T10:14:23","date_gmt":"2020-11-02T07:14:23","guid":{"rendered":"http:\/\/ksmatest.net.ua:49080\/?page_id=548"},"modified":"2026-04-23T11:34:03","modified_gmt":"2026-04-23T08:34:03","slug":"%d0%bd%d0%b0%d1%83%d0%ba%d0%be%d0%b2%d1%96-%d0%b2%d0%b8%d0%b4%d0%b0%d0%bd%d0%bd%d1%8f","status":"publish","type":"page","link":"https:\/\/ksma.ks.ua\/?page_id=548","title":{"rendered":"\u041d\u0430\u0443\u043a\u043e\u0432\u0456 \u0432\u0438\u0434\u0430\u043d\u043d\u044f"},"content":{"rendered":"\n<div class=\"wp-block-image\"><figure class=\"alignleft size-large is-resized\"><img loading=\"lazy\" src=\"https:\/\/ksma.ks.ua\/wp-content\/uploads\/2024\/04\/12.jpg\" alt=\"\" class=\"wp-image-20541\" width=\"395\" height=\"559\" srcset=\"https:\/\/ksma.ks.ua\/wp-content\/uploads\/2024\/04\/12.jpg 559w, https:\/\/ksma.ks.ua\/wp-content\/uploads\/2024\/04\/12-212x300.jpg 212w\" sizes=\"(max-width: 395px) 100vw, 395px\" \/><\/figure><\/div>\n\n\n\n<h5><strong><em>\u041d\u0430\u0443\u043a\u043e\u0432\u0438\u0439 \u0432\u0456\u0441\u043d\u0438\u043a \u0425\u0435\u0440\u0441\u043e\u043d\u0441\u044c\u043a\u043e\u0457 \u0434\u0435\u0440\u0436\u0430\u0432\u043d\u043e\u0457 \u043c\u043e\u0440\u0441\u044c\u043a\u043e\u0457 \u0430\u043a\u0430\u0434\u0435\u043c\u0456\u0457<\/em><\/strong><\/h5>\n\n\n\n<p>\u041d\u0430\u0443\u043a\u043e\u0432\u0438\u0439 \u0436\u0443\u0440\u043d\u0430\u043b \u00ab\u041d\u0430\u0443\u043a\u043e\u0432\u0438\u0439 \u0432\u0456\u0441\u043d\u0438\u043a \u0425\u0435\u0440\u0441\u043e\u043d\u0441\u044c\u043a\u043e\u0457 \u0434\u0435\u0440\u0436\u0430\u0432\u043d\u043e\u0457 \u043c\u043e\u0440\u0441\u044c\u043a\u043e\u0457 \u0430\u043a\u0430\u0434\u0435\u043c\u0456\u0457\u00bb \u2013 \u043f\u0435\u0440\u0456\u043e\u0434\u0438\u0447\u043d\u0435 \u043d\u0430\u0443\u043a\u043e\u0432\u0435 \u0432\u0438\u0434\u0430\u043d\u043d\u044f (ISSN print 2313-4763), \u044f\u043a\u0435 \u041d\u0430\u043a\u0430\u0437\u043e\u043c \u041c\u041e\u041d \u0423\u043a\u0440\u0430\u0457\u043d\u0438 \u2116 886 \u0432\u0456\u0434 02.07.2020 \u0432\u043d\u0435\u0441\u0435\u043d\u043e \u0434\u043e <strong>\u043a\u0430\u0442\u0435\u0433\u043e\u0440\u0456\u0457 \u0411<\/strong> \u041f\u0435\u0440\u0435\u043b\u0456\u043a\u0443 \u043d\u0430\u0443\u043a\u043e\u0432\u0438\u0445 \u0444\u0430\u0445\u043e\u0432\u0438\u0445 \u0432\u0438\u0434\u0430\u043d\u044c \u0423\u043a\u0440\u0430\u0457\u043d\u0438 \u0437\u0430 \u0441\u043f\u0435\u0446\u0456\u0430\u043b\u044c\u043d\u0456\u0441\u0442\u044f\u043c\u0438 132 \u2013 \u041c\u0430\u0442\u0435\u0440\u0456\u0430\u043b\u043e\u0437\u043d\u0430\u0432\u0441\u0442\u0440\u043e, 151 \u2013 \u0410\u0432\u0442\u043e\u043c\u0430\u0442\u0438\u0437\u0430\u0446\u0456\u044f \u0442\u0430 \u043a\u043e\u043c\u043f\u2019\u044e\u0442\u0435\u0440\u043d\u043e-\u0456\u043d\u0442\u0435\u0433\u0440\u043e\u0432\u0430\u043d\u0456 \u0442\u0435\u0445\u043d\u043e\u043b\u043e\u0433\u0456\u0457, 275 \u2013 \u0422\u0440\u0430\u043d\u0441\u043f\u043e\u0440\u0442\u043d\u0456 \u0442\u0435\u0445\u043d\u043e\u043b\u043e\u0433\u0456\u0457 (\u0437\u0430 \u0432\u0438\u0434\u0430\u043c\u0438). \u041d\u0430\u0443\u043a\u043e\u0432\u0438\u0439 \u0436\u0443\u0440\u043d\u0430\u043b \u0432\u0438\u0434\u0430\u0454\u0442\u044c\u0441\u044f \u0437 2009 \u0440\u043e\u043a\u0443.<\/p>\n\n\n\n<p><strong>\u0406\u043d\u0434\u0435\u043a\u0441\u0430\u0446\u0456\u044f.<\/strong> \u0416\u0443\u0440\u043d\u0430\u043b \u0456\u043d\u0434\u0435\u043a\u0441\u0443\u0454\u0442\u044c\u0441\u044f \u0443\u043a\u0440\u0430\u0457\u043d\u0441\u044c\u043a\u043e\u044e \u0437\u0430\u0433\u0430\u043b\u044c\u043d\u043e\u0434\u0435\u0440\u0436\u0430\u0432\u043d\u043e\u044e \u0440\u0435\u0444\u0435\u0440\u0430\u0442\u0438\u0432\u043d\u043e\u044e \u0431\u0430\u0437\u043e\u044e \u0434\u0430\u043d\u0438\u0445 <strong>\u00ab\u0423\u043a\u0440\u0430\u0457\u043d\u0456\u043a\u0430 \u043d\u0430\u0443\u043a\u043e\u0432\u0430\u00bb<\/strong>, \u043c\u0456\u0436\u043d\u0430\u0440\u043e\u0434\u043d\u043e\u044e \u0440\u0435\u0444\u0435\u0440\u0430\u0442\u0438\u0432\u043d\u043e\u044e \u0431\u0430\u0437\u043e\u044e \u0434\u0430\u043d\u0438\u0445 <strong>Google Scholar<\/strong>, \u043c\u0456\u0436\u043d\u0430\u0440\u043e\u0434\u043d\u043e\u044e \u043d\u0430\u0443\u043a\u043e\u043c\u0435\u0442\u0440\u0438\u0447\u043d\u043e\u044e \u0431\u0430\u0437\u043e\u044e <strong>Researchbib<\/strong>, \u043f\u0440\u0435\u0434\u0441\u0442\u0430\u0432\u043b\u0435\u043d\u0438\u0439 \u0443 <strong>\u041d\u0430\u0443\u043a\u043e\u0432\u0456\u0439 \u0435\u043b\u0435\u043a\u0442\u0440\u043e\u043d\u043d\u0456\u0439 \u0431\u0456\u0431\u043b\u0456\u043e\u0442\u0435\u0446\u0456 \u041d\u0430\u0446\u0456\u043e\u043d\u0430\u043b\u044c\u043d\u043e\u0457 \u0431\u0456\u0431\u043b\u0456\u043e\u0442\u0435\u043a\u0438 \u0423\u043a\u0440\u0430\u0457\u043d\u0438 \u0456\u043c\u0435\u043d\u0456 \u0412. \u0406. \u0412\u0435\u0440\u043d\u0430\u0434\u0441\u044c\u043a\u043e\u0433\u043e<\/strong>, \u043c\u0456\u0436\u043d\u0430\u0440\u043e\u0434\u043d\u0456\u0439 \u0440\u0435\u0444\u0435\u0440\u0430\u0442\u0438\u0432\u043d\u0456\u0439 \u0431\u0430\u0437\u0456 \u0434\u0430\u043d\u0438\u0445 <strong>Crossref<\/strong>.<\/p>\n\n\n\n<p><strong><strong>\u0422\u0435\u043c\u0430\u0442\u0438\u0447\u043d\u0430 \u0441\u043f\u0440\u044f\u043c\u043e\u0432\u0430\u043d\u0456\u0441\u0442\u044c:<\/strong><\/strong>&nbsp;J5 \u00ab\u041c\u043e\u0440\u0441\u044c\u043a\u0438\u0439 \u0442\u0430 \u0432\u043d\u0443\u0442\u0440\u0456\u0448\u043d\u0456\u0439 \u0432\u043e\u0434\u043d\u0438\u0439 \u0442\u0440\u0430\u043d\u0441\u043f\u043e\u0440\u0442\u00bb<br><strong>\u041f\u0435\u0440\u0456\u043e\u0434\u0438\u0447\u043d\u0456\u0441\u0442\u044c \u0432\u0438\u0434\u0430\u043d\u043d\u044f.<\/strong> \u0412\u0438\u0445\u043e\u0434\u0438\u0442\u044c \u0434\u0432\u0456\u0447\u0456 \u043d\u0430 \u0440\u0456\u043a.<\/p>\n\n\n\n<hr class=\"wp-block-separator\"\/>\n\n\n\n<h3 class=\"has-text-align-center\"><strong><a href=\"https:\/\/ksma.ks.ua\/wp-content\/uploads\/2024\/02\/\u041f\u0440\u0438\u043a\u043b\u0430\u0434-\u043e\u0444\u043e\u0440\u043c\u043b\u0435\u043d\u043d\u044f-\u0440\u0443\u043a\u043e\u043f\u0438\u0441\u0443-\u0441\u0442\u0430\u0442\u0442\u0456-.docx\" data-type=\"URL\" data-id=\"https:\/\/ksma.ks.ua\/wp-content\/uploads\/2024\/02\/\u041f\u0440\u0438\u043a\u043b\u0430\u0434-\u043e\u0444\u043e\u0440\u043c\u043b\u0435\u043d\u043d\u044f-\u0440\u0443\u043a\u043e\u043f\u0438\u0441\u0443-\u0441\u0442\u0430\u0442\u0442\u0456-.docx\">\u041f\u0440\u0438\u043a\u043b\u0430\u0434 \u043e\u0444\u043e\u0440\u043c\u043b\u0435\u043d\u043d\u044f \u0440\u0443\u043a\u043e\u043f\u0438\u0441\u0443 \u0441\u0442\u0430\u0442\u0442\u0456<\/a><\/strong><\/h3>\n\n\n\n<p><\/p>\n\n\n\n<p><strong>\u0421\u043a\u043b\u0430\u0434 \u0440\u0435\u0434\u043a\u043e\u043b\u0435\u0433\u0456\u0457 \u043d\u0430\u0443\u043a\u043e\u0432\u043e\u0433\u043e \u0436\u0443\u0440\u043d\u0430\u043b\u0443 \u00ab\u041d\u0430\u0443\u043a\u043e\u0432\u0438\u0439 \u0432\u0456\u0441\u043d\u0438\u043a \u0425\u0435\u0440\u0441\u043e\u043d\u0441\u044c\u043a\u043e\u0457 \u0434\u0435\u0440\u0436\u0430\u0432\u043d\u043e\u0457 \u043c\u043e\u0440\u0441\u044c\u043a\u043e\u0457 \u0430\u043a\u0430\u0434\u0435\u043c\u0456\u0457\u00bb&nbsp;<\/strong><\/p>\n\n\n\n<p>&nbsp;<\/p>\n\n\n\n<p><strong>\u0413\u043e\u043b\u043e\u0432\u043d\u0438\u0439 \u0440\u0435\u0434\u0430\u043a\u0442\u043e\u0440<\/strong> &#8211; \u0411\u0435\u043d\u044c \u0410\u043d\u0434\u0440\u0456\u0439 \u041f\u0430\u0432\u043b\u043e\u0432\u0438\u0447 0000-0002-9029-3489, ResearcherID: ABE-5954-2020, Scopus Author ID: 57219782305, \u043a\u0430\u043d\u0434\u0438\u0434\u0430\u0442 \u043d\u0430\u0443\u043a, \u043f\u0440\u043e\u0444\u0435\u0441\u043e\u0440, \u043f\u0440\u043e\u0440\u0435\u043a\u0442\u043e\u0440 \u0437 \u043d\u0430\u0443\u043a\u043e\u0432\u043e-\u043f\u0435\u0434\u0430\u0433\u043e\u0433\u0456\u0447\u043d\u043e\u0457 \u0440\u043e\u0431\u043e\u0442\u0438, \u0425\u0435\u0440\u0441\u043e\u043d\u0441\u044c\u043a\u0430 \u0434\u0435\u0440\u0436\u0430\u0432\u043d\u0430 \u043c\u043e\u0440\u0441\u044c\u043a\u0430 \u0430\u043a\u0430\u0434\u0435\u043c\u0456\u044f, \u0423\u043a\u0440\u0430\u0457\u043d\u0430.<br><a href=\"https:\/\/orcid.org\/0000-0002-9029-3489\">https:\/\/orcid.org\/0000-0002-9029-3489<\/a><br><a href=\"https:\/\/www.webofscience.com\/wos\/author\/record\/ABE-5954-2020\">https:\/\/www.webofscience.com\/wos\/author\/record\/ABE-5954-2020<\/a><br><a href=\"https:\/\/www.scopus.com\/authid\/detail.uri?authorId=57219782305\">https:\/\/www.scopus.com\/authid\/detail.uri?authorId=57219782305<\/a><\/p>\n\n\n\n<p><strong>\u0406\u043d\u0448\u0456 \u0447\u043b\u0435\u043d\u0438 \u0440\u0435\u0434\u0430\u043a\u0446\u0456\u0439\u043d\u043e\u0457 \u043a\u043e\u043b\u0435\u0433\u0456\u0457:<\/strong><\/p>\n\n\n\n<ol><li>\u0417\u0456\u043d\u0447\u0435\u043d\u043a\u043e \u0421\u0435\u0440\u0433\u0456\u0439 \u041c\u0438\u043a\u043e\u043b\u0430\u0439\u043e\u0432\u0438\u0447, ORCID: 0000-0001-5012-5029, ResearcherID: G-7831-2019, Scopus Author ID: 57214802895, \u0434\u043e\u043a\u0442\u043e\u0440 \u043d\u0430\u0443\u043a, \u043f\u0440\u043e\u0444\u0435\u0441\u043e\u0440 \u043a\u0430\u0444\u0435\u0434\u0440\u0438 \u043d\u0430\u0432\u0456\u0433\u0430\u0446\u0456\u0457 \u0442\u0430 \u0443\u043f\u0440\u0430\u0432\u043b\u0456\u043d\u043d\u044f \u0441\u0443\u0434\u043d\u043e\u043c, \u0425\u0435\u0440\u0441\u043e\u043d\u0441\u044c\u043a\u0430 \u0434\u0435\u0440\u0436\u0430\u0432\u043d\u0430 \u043c\u043e\u0440\u0441\u044c\u043a\u0430 \u0430\u043a\u0430\u0434\u0435\u043c\u0456\u044f, \u0423\u043a\u0440\u0430\u0457\u043d\u0430<br>https:\/\/orcid.org\/0000-0001-5012-5029<br>https:\/\/www.webofscience.com\/wos\/author\/record\/G-7831-2019<br>https:\/\/www.scopus.com\/authid\/detail.uri?authorId=57214802895<\/li><li>\u0411\u0443\u043a\u0435\u0442\u043e\u0432 \u0410\u043d\u0434\u0440\u0456\u0439 \u0412\u0456\u043a\u0442\u043e\u0440\u043e\u0432\u0438\u0447, ORCID: 0000-0001-9836-3296, ResearcherID: E-6990-2017, Scopus Author ID: 8877978800, \u0434\u043e\u043a\u0442\u043e\u0440 \u043d\u0430\u0443\u043a, \u043f\u0440\u043e\u0444\u0435\u0441\u043e\u0440, \u0437\u0430\u0432\u0456\u0434\u0443\u0432\u0430\u0447 \u043a\u0430\u0444\u0435\u0434\u0440\u0438 \u0442\u0440\u0430\u043d\u0441\u043f\u043e\u0440\u0442\u043d\u0438\u0445 \u0442\u0435\u0445\u043d\u043e\u043b\u043e\u0433\u0456\u0439 \u0442\u0430 \u043c\u0435\u0445\u0430\u043d\u0456\u0447\u043d\u043e\u0457 \u0456\u043d\u0436\u0435\u043d\u0435\u0440\u0456\u0457, \u0425\u0435\u0440\u0441\u043e\u043d\u0441\u044c\u043a\u0430 \u0434\u0435\u0440\u0436\u0430\u0432\u043d\u0430 \u043c\u043e\u0440\u0441\u044c\u043a\u0430 \u0430\u043a\u0430\u0434\u0435\u043c\u0456\u044f, \u0423\u043a\u0440\u0430\u0457\u043d\u0430.<br>https:\/\/orcid.org\/0000-0001-9836-3296<br>https:\/\/www.webofscience.com\/wos\/author\/record\/E-6990-2017<br>https:\/\/www.scopus.com\/authid\/detail.uri?authorId=8877978800<\/li><li>\u0421\u0430\u043f\u0440\u043e\u043d\u043e\u0432 \u041e\u043b\u0435\u043a\u0441\u0430\u043d\u0434\u0440 \u041e\u043b\u0435\u043a\u0441\u0430\u043d\u0434\u0440\u043e\u0432\u0438\u0447, ORCID: 0000-0003-1115-6556, Scopus Author ID: 56268808400, SciProfiles: 2341486, \u0434\u043e\u043a\u0442\u043e\u0440 \u043d\u0430\u0443\u043a, \u043f\u0440\u043e\u0444\u0435\u0441\u043e\u0440, \u043f\u0440\u043e\u0444\u0435\u0441\u043e\u0440 \u043a\u0430\u0444\u0435\u0434\u0440\u0438 \u0442\u0440\u0430\u043d\u0441\u043f\u043e\u0440\u0442\u043d\u0438\u0445 \u0442\u0435\u0445\u043d\u043e\u043b\u043e\u0433\u0456\u0439 \u0442\u0430 \u043c\u0435\u0445\u0430\u043d\u0456\u0447\u043d\u043e\u0457 \u0456\u043d\u0436\u0435\u043d\u0435\u0440\u0456\u0457, \u0425\u0435\u0440\u0441\u043e\u043d\u0441\u044c\u043a\u0430 \u0434\u0435\u0440\u0436\u0430\u0432\u043d\u0430 \u043c\u043e\u0440\u0441\u044c\u043a\u0430 \u0430\u043a\u0430\u0434\u0435\u043c\u0456\u044f, \u0423\u043a\u0440\u0430\u0457\u043d\u0430.<br>https:\/\/orcid.org\/0000-0003-1115-6556<br>https:\/\/sciprofiles.com\/profile\/2341486<br>https:\/\/www.scopus.com\/authid\/detail.uri?authorId=56268808400<\/li><li>\u041f\u0456\u043f\u0447\u0435\u043d\u043a\u043e \u041e\u043b\u0435\u043a\u0441\u0430\u043d\u0434\u0440 \u0414\u043c\u0438\u0442\u0440\u043e\u0432\u0438\u0447, ORCID: 0000-0002-6878-0619, Scopus Author ID: 57224936284, \u0434\u043e\u043a\u0442\u043e\u0440 \u043d\u0430\u0443\u043a, \u043f\u0440\u043e\u0444\u0435\u0441\u043e\u0440 \u041d\u0430\u0446\u0456\u043e\u043d\u0430\u043b\u044c\u043d\u0438\u0439 \u0443\u043d\u0456\u0432\u0435\u0440\u0441\u0438\u0442\u0435\u0442 \u00ab\u041e\u0434\u0435\u0441\u044c\u043a\u0430 \u043c\u043e\u0440\u0441\u044c\u043a\u0430 \u0430\u043a\u0430\u0434\u0435\u043c\u0456\u044f\u00bb, \u0423\u043a\u0440\u0430\u0457\u043d\u0430.<br>https:\/\/orcid.org\/0000-0002-6878-0619<br>https:\/\/www.scopus.com\/authid\/detail.uri?authorId=57224936284<\/li><li>\u041d\u043e\u0441\u043e\u0432 \u041f\u0430\u0432\u043b\u043e \u0421\u0435\u0440\u0433\u0456\u0439\u043e\u0432\u0438\u0447, ORCID: 0000-0002-5067-9766, ResearcherID: G-1196-2019, Scopus Author ID: 57211927353, \u0434\u043e\u043a\u0442\u043e\u0440 \u0444\u0456\u043b\u043e\u0441\u043e\u0444\u0456\u0457 (\u043a\u0430\u043d\u0434\u0438\u0434\u0430\u0442 \u043d\u0430\u0443\u043a), \u0434\u043e\u0446\u0435\u043d\u0442, \u0437\u0430\u0432\u0456\u0434\u0443\u0432\u0430\u0447 \u043a\u0430\u0444\u0435\u0434\u0440\u0438 \u0442\u0435\u0445\u043d\u0456\u0447\u043d\u043e\u0457 \u043a\u0456\u0431\u0435\u0440\u043d\u0435\u0442\u0438\u043a\u0438 \u0439 \u0456\u043d\u0444\u043e\u0440\u043c\u0430\u0446\u0456\u0439\u043d\u0438\u0445 \u0442\u0435\u0445\u043d\u043e\u043b\u043e\u0433\u0456\u0439 \u0456\u043c. \u043f\u0440\u043e\u0444. \u0420.\u0412. \u041c\u0435\u0440\u043a\u0442\u0430, \u041e\u0434\u0435\u0441\u044c\u043a\u0438\u0439 \u043d\u0430\u0446\u0456\u043e\u043d\u0430\u043b\u044c\u043d\u0438\u0439 \u043c\u043e\u0440\u0441\u044c\u043a\u0438\u0439 \u0443\u043d\u0456\u0432\u0435\u0440\u0441\u0438\u0442\u0435\u0442, \u0423\u043a\u0440\u0430\u0457\u043d\u0430.<br>https:\/\/orcid.org\/0000-0002-5067-9766<br>https:\/\/www.webofscience.com\/wos\/author\/record\/G-1196-2019<br>https:\/\/www.scopus.com\/authid\/detail.uri?authorId=57211927353<\/li><li>\u017daglinskis Justas, ORCID: 0000-0002-1541-8464, ResearcherID: LIG-8634-202, Scopus ID: 55217591100, \u0434\u043e\u043a\u0442\u043e\u0440 \u0444\u0456\u043b\u043e\u0441\u043e\u0444\u0456\u0457 (\u043a\u0430\u043d\u0434\u0438\u0434\u0430\u0442 \u043d\u0430\u0443\u043a), \u0434\u043e\u0446\u0435\u043d\u0442, \u0434\u0438\u0440\u0435\u043a\u0442\u043e\u0440 VILNIUS TECH Lithuanian Maritime Academy, Lithua.<br>https:\/\/orcid.org\/0000-0002-1541-8464<br>https:\/\/www.webofscience.com\/wos\/author\/record\/LIG-8634-2024<br>https:\/\/www.scopus.com\/authid\/detail.uri?authorId=55217591100<\/li><li>\u041e\u043d\u0438\u0449\u0435\u043d\u043a\u043e \u041e\u043b\u0435\u0433 \u0410\u043d\u0430\u0442\u043e\u043b\u0456\u0439\u043e\u0432\u0438\u0447, ORCID: 0000-0002-3766-3188, ResearcherID: W-4680-2019, Scopus Author ID: 57192820689, \u0434\u043e\u043a\u0442\u043e\u0440 \u043d\u0430\u0443\u043a, \u043f\u0440\u043e\u0444\u0435\u0441\u043e\u0440 \u043a\u0430\u0444\u0435\u0434\u0440\u0438 \u0443\u043f\u0440\u0430\u0432\u043b\u0456\u043d\u043d\u044f \u0441\u0443\u0434\u043d\u043e\u043c \u041d\u0430\u0446\u0456\u043e\u043d\u0430\u043b\u044c\u043d\u0438\u0439 \u0443\u043d\u0456\u0432\u0435\u0440\u0441\u0438\u0442\u0435\u0442 \u00ab\u041e\u0434\u0435\u0441\u044c\u043a\u0430 \u043c\u043e\u0440\u0441\u044c\u043a\u0430 \u0430\u043a\u0430\u0434\u0435\u043c\u0456\u044f\u00bb, \u0423\u043a\u0440\u0430\u0457\u043d\u0430.<br>https:\/\/orcid.org\/0000-0002-3766-3188<br>https:\/\/www.webofscience.com\/wos\/author\/record\/W-4680-2019<br>https:\/\/www.scopus.com\/authid\/detail.uri?authorId=57192820689<\/li><li>\u0428\u0435\u0432\u0447\u0435\u043d\u043a\u043e \u0412\u0430\u043b\u0435\u0440\u0456\u0439 \u0410\u043d\u0430\u0442\u043e\u043b\u0456\u0439\u043e\u0432\u0438\u0447, ORCID: 0000-0003-3229-1909, ResearcherID: F-3131-2018, Scopus Author ID: 57205502510, \u0434\u043e\u043a\u0442\u043e\u0440 \u043d\u0430\u0443\u043a, \u0434\u043e\u0446\u0435\u043d\u0442, \u0437\u0430\u0432\u0456\u0434\u0443\u0432\u0430\u0447 \u043a\u0430\u0444\u0435\u0434\u0440\u0438 \u0426\u0435\u043d\u0442\u0440\u0443 \u043f\u0456\u0434\u0433\u043e\u0442\u043e\u0432\u043a\u0438 \u0442\u0430 \u0430\u0442\u0435\u0441\u0442\u0430\u0446\u0456\u0457 \u043f\u043b\u0430\u0432\u0441\u043a\u043b\u0430\u0434\u0443 \u041d\u0430\u0446\u0456\u043e\u043d\u0430\u043b\u044c\u043d\u0438\u0439 \u0443\u043d\u0456\u0432\u0435\u0440\u0441\u0438\u0442\u0435\u0442 \u00ab\u041e\u0434\u0435\u0441\u044c\u043a\u0430 \u043c\u043e\u0440\u0441\u044c\u043a\u0430 \u0430\u043a\u0430\u0434\u0435\u043c\u0456\u044f\u00bb, \u0423\u043a\u0440\u0430\u0457\u043d\u0430.<br>https:\/\/orcid.org\/0000-0003-3229-1909<br>https:\/\/www.webofscience.com\/wos\/author\/record\/F-3131-2018<br>https:\/\/www.scopus.com\/authid\/detail.uri?authorId=57205502510<\/li><li>\u041c\u0435\u043b\u044c\u043d\u0438\u043a \u041e\u043b\u0435\u043a\u0441\u0456\u0439 \u041c\u0438\u043a\u043e\u043b\u0430\u0439\u043e\u0432\u0438\u0447, ORCID: 0000-0001-9228-8459, ResearcherID: AAC-8854-2022, Scopus Author ID: 57216657937, \u0434\u043e\u043a\u0442\u043e\u0440 \u043d\u0430\u0443\u043a, \u043f\u0440\u043e\u0444\u0435\u0441\u043e\u0440, \u0437\u0430\u0432\u0456\u0434\u0443\u0432\u0430\u0447 \u043a\u0430\u0444\u0435\u0434\u0440\u0438 \u0441\u0443\u0434\u043d\u043e\u0432\u043e\u0434\u0456\u043d\u043d\u044f \u0456 \u043c\u043e\u0440\u0441\u044c\u043a\u043e\u0457 \u0431\u0435\u0437\u043f\u0435\u043a\u0438 \u041e\u0434\u0435\u0441\u044c\u043a\u0438\u0439 \u041d\u0430\u0446\u0456\u043e\u043d\u0430\u043b\u044c\u043d\u0438\u0439 \u043c\u043e\u0440\u0441\u044c\u043a\u0456\u0439 \u0443\u043d\u0456\u0432\u0435\u0440\u0441\u0438\u0442\u0435\u0442, \u0423\u043a\u0440\u0430\u0457\u043d\u0430.<br>https:\/\/orcid.org\/0000-0001-9228-8459<br>https:\/\/www.scopus.com\/authid\/detail.uri?authorId=57216657937<br>https:\/\/www.webofscience.com\/wos\/author\/record\/AAC-8854-2022<\/li><li>Maskeli\u016bnait\u0117 Lijana, ORCID: 0000-0001-7764-9199, ResearcherID: MBH-2770-2025, Scopus ID: 35070059800, \u0434\u043e\u043a\u0442\u043e\u0440 \u0444\u0456\u043b\u043e\u0441\u043e\u0444\u0456\u0457, Associated professor, Faculty of Transport Engineering, VILNIUS TECH, Lithu\u0430nia.<br>https:\/\/orcid.org\/0000-0001-7764-9199<br>https:\/\/www.webofscience.com\/wos\/author\/record\/67420829<br>https:\/\/www.scopus.com\/authid\/detail.uri?authorId=35070059800<\/li><li>Gonz\u00e1lez Almeida Jos\u00e9 Agust\u00edn, ORCID: 0000-0002-4544-6028, ResearcherID: F-3116-2016, Scopus Author ID: 57274629900, \u0434\u043e\u043a\u0442\u043e\u0440 \u043d\u0430\u0443\u043a, professor Universidad de La Laguna, Spain.<br>https:\/\/orcid.org\/0000-0002-4544-6028<br>https:\/\/www.webofscience.com\/wos\/author\/record\/F-3116-2016<br>https:\/\/www.scopus.com\/authid\/detail.uri?authorId=57274629900<\/li><li>Lukauskas Valdas, ORCID: 0009-0001-9199-4316, ResearcherID: LUY-0967-2024, Scopus ID: 26422367300, \u0434\u043e\u043a\u0442\u043e\u0440 \u0444\u0456\u043b\u043e\u0441\u043e\u0444\u0456\u0457, Associated professor, VILNIUS TECH Lithuanian Maritime Academy<br>https:\/\/orcid.org\/0009-0001-9199-4316<br>https:\/\/www.webofscience.com\/wos\/author\/record\/LUY-0967-2024<br>https:\/\/www.scopus.com\/authid\/detail.uri?authorId=26422367300<\/li><li>Belev Blagovest, ORCID: 0000-0001-9458-6070, ResearcherID: E-3692-2012, Scopus ID: 6602945721, \u0434\u043e\u043a\u0442\u043e\u0440 \u0444\u0456\u043b\u043e\u0441\u043e\u0444\u0456\u0457, professor, Nikola Vaptsarov Naval Academy<br>https:\/\/orcid.org\/0000-0001-9458-6070<br>https:\/\/www.webofscience.com\/wos\/author\/record\/E-3692-2012<br>https:\/\/www.scopus.com\/auth id\/detail.uri? authorId=6602945721<\/li><\/ol>\n\n\n\n<hr class=\"wp-block-separator\"\/>\n\n\n\n<p><strong>\u041a\u043e\u043d\u0442\u0430\u043a\u0442\u043d\u0430 \u0456\u043d\u0444\u043e\u0440\u043c\u0430\u0446\u0456\u044f<\/strong><strong>:<\/strong><\/p>\n\n\n\n<p>\u0422\u0435\u0445\u043d\u0456\u0447\u043d\u0438\u0439 \u0440\u0435\u0434\u0430\u043a\u0442\u043e\u0440 \u2013&nbsp;<strong>\u0413\u0430\u043b\u0438\u043d\u0430 \u0412\u0440\u0443\u0431\u043b\u0435\u0432\u0441\u044c\u043a\u0430<\/strong><\/p>\n\n\n\n<p>73000, \u043c. \u0425\u0435\u0440\u0441\u043e\u043d, \u043f\u0440\u043e\u0441\u043f\u0435\u043a\u0442 \u041d\u0435\u0437\u0430\u043b\u0435\u0436\u043d\u043e\u0441\u0442\u0456, 20; \u0442\u0435\u043b.: +380668488076<\/p>\n\n\n\n<p>e-mail:&nbsp;<a href=\"mailto:journalnvksma@gmail.com\">journalnvksma@gmail.com<\/a><\/p>\n\n\n\n<p><strong>\u0411\u0456\u043b\u044c\u0448\u0435 \u0456\u043d\u0444\u043e\u0440\u043c\u0430\u0446\u0456\u0457 \u043f\u0440\u043e \u0436\u0443\u0440\u043d\u0430\u043b \u043c\u043e\u0436\u043d\u0430 \u0437\u043d\u0430\u0439\u0442\u0438 \u043d\u0430 \u0441\u0430\u0439\u0442\u0456 \u0436\u0443\u0440\u043d\u0430\u043b\u0443:<\/strong> <a href=\"http:\/\/journals.ksma.ks.ua\/nvksma\">http:\/\/journals.ksma.ks.ua\/nvksma<\/a><\/p>\n\n\n\n<hr class=\"wp-block-separator\"\/>\n\n\n\n<h3 class=\"has-text-align-center\"><strong><a href=\"http:\/\/journals.ksma.ks.ua\/nvksma\" data-type=\"URL\" data-id=\"http:\/\/journals.ksma.ks.ua\/nvksma\">\u041f\u043e\u0441\u0438\u043b\u0430\u043d\u043d\u044f \u043d\u0430 \u0441\u0430\u0439\u0442 \u0436\u0443\u0440\u043d\u0430\u043b\u0443<\/a><\/strong><\/h3>\n\n\n\n<div class=\"wp-block-image\"><figure class=\"aligncenter size-large\"><img loading=\"lazy\" width=\"753\" height=\"1024\" src=\"https:\/\/ksma.ks.ua\/wp-content\/uploads\/2024\/04\/\u0438\u0437\u043e\u0431\u0440\u0430\u0436\u0435\u043d\u0438\u0435_viber_2024-04-12_10-39-58-952-753x1024.jpg\" alt=\"\" class=\"wp-image-20539\" srcset=\"https:\/\/ksma.ks.ua\/wp-content\/uploads\/2024\/04\/\u0438\u0437\u043e\u0431\u0440\u0430\u0436\u0435\u043d\u0438\u0435_viber_2024-04-12_10-39-58-952-753x1024.jpg 753w, https:\/\/ksma.ks.ua\/wp-content\/uploads\/2024\/04\/\u0438\u0437\u043e\u0431\u0440\u0430\u0436\u0435\u043d\u0438\u0435_viber_2024-04-12_10-39-58-952-221x300.jpg 221w, https:\/\/ksma.ks.ua\/wp-content\/uploads\/2024\/04\/\u0438\u0437\u043e\u0431\u0440\u0430\u0436\u0435\u043d\u0438\u0435_viber_2024-04-12_10-39-58-952-768x1044.jpg 768w, https:\/\/ksma.ks.ua\/wp-content\/uploads\/2024\/04\/\u0438\u0437\u043e\u0431\u0440\u0430\u0436\u0435\u043d\u0438\u0435_viber_2024-04-12_10-39-58-952-1130x1536.jpg 1130w, https:\/\/ksma.ks.ua\/wp-content\/uploads\/2024\/04\/\u0438\u0437\u043e\u0431\u0440\u0430\u0436\u0435\u043d\u0438\u0435_viber_2024-04-12_10-39-58-952.jpg 1177w\" sizes=\"(max-width: 753px) 100vw, 753px\" \/><\/figure><\/div>\n\n\n\n<p><\/p>\n","protected":false},"excerpt":{"rendered":"<p>\u041d\u0430\u0443\u043a\u043e\u0432\u0438\u0439 \u0432\u0456\u0441\u043d\u0438\u043a \u0425\u0435\u0440\u0441\u043e\u043d\u0441\u044c\u043a\u043e\u0457 \u0434\u0435\u0440\u0436\u0430\u0432\u043d\u043e\u0457 \u043c\u043e\u0440\u0441\u044c\u043a\u043e\u0457 \u0430\u043a\u0430\u0434\u0435\u043c\u0456\u0457 \u041d\u0430\u0443\u043a\u043e\u0432\u0438\u0439 \u0436\u0443\u0440\u043d\u0430\u043b \u00ab\u041d\u0430\u0443\u043a\u043e\u0432\u0438\u0439 \u0432\u0456\u0441\u043d\u0438\u043a \u0425\u0435\u0440\u0441\u043e\u043d\u0441\u044c\u043a\u043e\u0457 \u0434\u0435\u0440\u0436\u0430\u0432\u043d\u043e\u0457 \u043c\u043e\u0440\u0441\u044c\u043a\u043e\u0457 \u0430\u043a\u0430\u0434\u0435\u043c\u0456\u0457\u00bb \u2013 \u043f\u0435\u0440\u0456\u043e\u0434\u0438\u0447\u043d\u0435 \u043d\u0430\u0443\u043a\u043e\u0432\u0435 \u0432\u0438\u0434\u0430\u043d\u043d\u044f (ISSN print 2313-4763), \u044f\u043a\u0435 \u041d\u0430\u043a\u0430\u0437\u043e\u043c \u041c\u041e\u041d \u0423\u043a\u0440\u0430\u0457\u043d\u0438 \u2116 886 \u0432\u0456\u0434 02.07.2020 \u0432\u043d\u0435\u0441\u0435\u043d\u043e \u0434\u043e \u043a\u0430\u0442\u0435\u0433\u043e\u0440\u0456\u0457 \u0411 \u041f\u0435\u0440\u0435\u043b\u0456\u043a\u0443 \u043d\u0430\u0443\u043a\u043e\u0432\u0438\u0445 \u0444\u0430\u0445\u043e\u0432\u0438\u0445 \u0432\u0438\u0434\u0430\u043d\u044c \u0423\u043a\u0440\u0430\u0457\u043d\u0438 \u0437\u0430 \u0441\u043f\u0435\u0446\u0456\u0430\u043b\u044c\u043d\u0456\u0441\u0442\u044f\u043c\u0438 132 \u2013 \u041c\u0430\u0442\u0435\u0440\u0456\u0430\u043b\u043e\u0437\u043d\u0430\u0432\u0441\u0442\u0440\u043e, 151 \u2013 \u0410\u0432\u0442\u043e\u043c\u0430\u0442\u0438\u0437\u0430\u0446\u0456\u044f \u0442\u0430 \u043a\u043e\u043c\u043f\u2019\u044e\u0442\u0435\u0440\u043d\u043e-\u0456\u043d\u0442\u0435\u0433\u0440\u043e\u0432\u0430\u043d\u0456 \u0442\u0435\u0445\u043d\u043e\u043b\u043e\u0433\u0456\u0457, 275 \u2013 \u0422\u0440\u0430\u043d\u0441\u043f\u043e\u0440\u0442\u043d\u0456 \u0442\u0435\u0445\u043d\u043e\u043b\u043e\u0433\u0456\u0457 (\u0437\u0430 \u0432\u0438\u0434\u0430\u043c\u0438). [&hellip;]<\/p>\n","protected":false},"author":1,"featured_media":0,"parent":0,"menu_order":0,"comment_status":"closed","ping_status":"closed","template":"","meta":{"advgb_blocks_editor_width":"","advgb_blocks_columns_visual_guide":"","_links_to":"","_links_to_target":""},"_links":{"self":[{"href":"https:\/\/ksma.ks.ua\/index.php?rest_route=\/wp\/v2\/pages\/548"}],"collection":[{"href":"https:\/\/ksma.ks.ua\/index.php?rest_route=\/wp\/v2\/pages"}],"about":[{"href":"https:\/\/ksma.ks.ua\/index.php?rest_route=\/wp\/v2\/types\/page"}],"author":[{"embeddable":true,"href":"https:\/\/ksma.ks.ua\/index.php?rest_route=\/wp\/v2\/users\/1"}],"replies":[{"embeddable":true,"href":"https:\/\/ksma.ks.ua\/index.php?rest_route=%2Fwp%2Fv2%2Fcomments&post=548"}],"version-history":[{"count":35,"href":"https:\/\/ksma.ks.ua\/index.php?rest_route=\/wp\/v2\/pages\/548\/revisions"}],"predecessor-version":[{"id":27895,"href":"https:\/\/ksma.ks.ua\/index.php?rest_route=\/wp\/v2\/pages\/548\/revisions\/27895"}],"wp:attachment":[{"href":"https:\/\/ksma.ks.ua\/index.php?rest_route=%2Fwp%2Fv2%2Fmedia&parent=548"}],"curies":[{"name":"wp","href":"https:\/\/api.w.org\/{rel}","templated":true}]}}